{"id":58592,"date":"2023-04-03T07:13:04","date_gmt":"2023-04-03T07:13:04","guid":{"rendered":"https:\/\/formatiqo.com\/?page_id=58592"},"modified":"2023-08-17T11:26:19","modified_gmt":"2023-08-17T11:26:19","slug":"o-nas","status":"publish","type":"page","link":"https:\/\/formatiqo.com\/cs\/o-nas\/","title":{"rendered":"O n\u00e1s"},"content":{"rendered":"<div id=\"pl-58592\"  class=\"panel-layout\" ><div id=\"pg-58592-0\"  class=\"panel-grid panel-no-style\" ><div id=\"pgc-58592-0-0\"  class=\"panel-grid-cell\" ><div id=\"panel-58592-0-0-0\" class=\"so-panel widget widget_wpa9-card-m panel-first-child panel-last-child\" data-index=\"0\" ><div\n\t\t\t\n\t\t\tclass=\"so-widget-wpa9-card-m so-widget-wpa9-card-m-default-c93e1481a745-58592\"\n\t\t\t\n\t\t>\n\n<section class=\"wpa9-card wpa9-card-m-container d-flex flex-wrap justify-content-center YDWOjo\">\n\n\t\n\t\t\n\t\t\t\n\t<article class=\"wpa9-card-m-panel wpa9-panel \">\n\t<div class=\"rounded\">\n\t\t\t\t<header class=\"d-block flex-wrap pb-4\">\n\t\t\t\t\t\t\t<span class=\"wpa9-card-icon icon d-none\" style=\"background-image: url('https:\/\/formatiqo.com\/wp-content\/uploads\/2023\/06\/ico-seznam.svg')\"><\/span>\n\t\t\t\t<span class=\"wpa9-card-icon icon\" style=\"mask-image: url(https:\/\/formatiqo.com\/wp-content\/uploads\/2023\/06\/ico-seznam.svg); -webkit-mask-image: url(https:\/\/formatiqo.com\/wp-content\/uploads\/2023\/06\/ico-seznam.svg);\"><\/span>\n\t\t\t\n\t\t\t\t\t\t\t\t<h2 class=\"wpa9-card-title\">P\u0159es 20 let zku\u0161enost\u00ed<\/h2>\n\t\t\t\t<\/header>\n\n\t\t\t\t<main class=\"wpa9-card-content\"><p>Vytv\u00e1\u0159\u00edme vynikaj\u00edc\u00ed grafick\u00fd design v ti\u0161t\u011bn\u00fdch i digit\u00e1ln\u00edch form\u00e1tech pro klienty po cel\u00e9m sv\u011bt\u011b. S rozvojem technologi\u00ed si DTP studio spole\u010dnosti Sk\u0159iv\u00e1nek udr\u017euje ty nejmodern\u011bj\u0161\u00ed DTP n\u00e1stroje. Je\u0161t\u011b d\u016fle\u017eit\u011bj\u0161\u00ed v\u0161ak je, \u017ee dv\u011b desetilet\u00ed poskytov\u00e1n\u00ed slu\u017eeb r\u016fznorod\u00fdm skupin\u00e1m klient\u016f vybrousila na\u0161i schopnost <strong>pracovat s t\u00e9m\u011b\u0159 jak\u00fdmkoli t\u00e9matem, s jak\u00fdmkoli typem projektu, s jakoukoli kombinac\u00ed soubor\u016f a kone\u010dn\u00fdch produkt\u016f<\/strong>. To znamen\u00e1, \u017ee se nebudete muset sna\u017eit, abychom v\u00e1m porozum\u011bli, a <strong>my v\u00e1m zaru\u010d\u00edme naprostou spokojenost<\/strong>.<\/p>\n<\/main>\n\t\t\n\t<\/div>\t<\/article>\n\t\t\n\t\t\t\n\t<article class=\"wpa9-card-m-panel wpa9-panel \">\n\t<div class=\"rounded\">\n\t\t\t\t<header class=\"d-block flex-wrap pb-4\">\n\t\t\t\t\t\t\t<span class=\"wpa9-card-icon icon d-none\" style=\"background-image: url('https:\/\/formatiqo.com\/wp-content\/uploads\/2023\/06\/ico-nmt.svg')\"><\/span>\n\t\t\t\t<span class=\"wpa9-card-icon icon\" style=\"mask-image: url(https:\/\/formatiqo.com\/wp-content\/uploads\/2023\/06\/ico-nmt.svg); -webkit-mask-image: url(https:\/\/formatiqo.com\/wp-content\/uploads\/2023\/06\/ico-nmt.svg);\"><\/span>\n\t\t\t\n\t\t\t\t\t\t\t\t<h2 class=\"wpa9-card-title\">Kreativn\u00ed my\u0161len\u00ed<\/h2>\n\t\t\t\t<\/header>\n\n\t\t\t\t<main class=\"wpa9-card-content\"><p>Na\u0161e pr\u00e1ce na des\u00edtk\u00e1ch mezin\u00e1rodn\u00edch trh\u016f vedla k rozvoji <strong>sofistikovan\u00fdch a flexibiln\u00edch slu\u017eeb<\/strong>. Kdy\u017e se s n\u00e1mi pod\u011bl\u00edte o n\u00e1pady, t\u00fdm DTP studia v\u00e1s vyslechne a vyu\u017eije sv\u00e9 schopnosti ke <strong>spln\u011bn\u00ed va\u0161ich p\u0159\u00e1n\u00ed v ka\u017ed\u00e9m z fin\u00e1ln\u00edch DTP produkt\u016f<\/strong>. T\u00fdm pracoval se stovkami r\u016fzn\u00fdch klient\u016f na v\u0161ech typech zak\u00e1zek a jeho p\u0159\u00edstupem je v\u017edy hledat \u0159e\u0161en\u00ed, kter\u00e1 zajist\u00ed \u00fasp\u011bch na\u0161ich klient\u016f.<\/p>\n<\/main>\n\t\t\n\t<\/div>\t<\/article>\n\t\t\n\n\t\t\n\t\n<\/section>\n<\/div><\/div><\/div><\/div><div id=\"pg-58592-1\"  class=\"panel-grid panel-has-style\" ><div class=\"siteorigin-panels-stretch panel-row-padding-none panel-row-style panel-row-style-for-58592-1\" data-stretch-type=\"full\" ><div id=\"pgc-58592-1-0\"  class=\"panel-grid-cell\" ><div id=\"panel-58592-1-0-0\" class=\"so-panel widget widget_wpa9-editor-ext panel-first-child\" data-index=\"1\" ><div\n\t\t\t\n\t\t\tclass=\"so-widget-wpa9-editor-ext so-widget-wpa9-editor-ext-default-c93e1481a745-58592\"\n\t\t\t\n\t\t>\n<div class=\"siteorigin-widget-tinymce textwidget\">\n\t<h3>Certifikovan\u00e1 kvalita<\/h3>\n<p>Usilovn\u011b pracujeme na udr\u017een\u00ed certifikace ISO, proto\u017ee zaru\u010duje nejvy\u0161\u0161\u00ed standardy slu\u017eeb. Na\u0161e vztahy se z\u00e1kazn\u00edky z\u00e1vis\u00ed na trval\u00e9 dokonalosti. Jako <a href=\"https:\/\/skrivanek.cz\/cz\/\">poskytovatel jazykov\u00fdch slu\u017eeb<\/a> konkuruje spole\u010dnost Sk\u0159iv\u00e1nek ostatn\u00edm p\u0159edn\u00edm poskytovatel\u016fm jazykov\u00fdch slu\u017eeb na cel\u00e9m sv\u011bt\u011b. Spole\u010dnost v na\u0161\u00ed pozici si nem\u016f\u017ee dovolit zklamat \u017e\u00e1dn\u00e9ho z na\u0161ich klient\u016f, ani jednoho. Od sam\u00e9ho po\u010d\u00e1tku jsme zdokonalovali p\u0159\u00edsn\u00e9 postupy zaji\u0161t\u011bn\u00ed kvality v\u0161ech na\u0161ich slu\u017eeb \u2013 na tom je zalo\u017eena na\u0161e pov\u011bst.<\/p>\n<\/div>\n<\/div><\/div><div id=\"panel-58592-1-0-1\" class=\"so-panel widget widget_wpa9-card-l panel-last-child\" data-index=\"2\" ><div\n\t\t\t\n\t\t\tclass=\"so-widget-wpa9-card-l so-widget-wpa9-card-l-default-c93e1481a745-58592\"\n\t\t\t\n\t\t>\n\n<div class=\"wpa9-card wpa9-card-l-container d-flex flex-wrap wpa9-columns-3\">\n\n\t\n\t\t\n\t<div class=\"wpa9-card-l-panel wpa9-panel shadow rounded d-flex flex-column justify-content-between\">\n\n\t\t<div>\n\t\t\t\t\t\t\t<span class=\"wpa9-panel-icon icon\" style=\"display: none; background-image: url('https:\/\/formatiqo.com\/wp-content\/uploads\/2023\/06\/ico-certifikovana-spolecnost.svg')\"><\/span>\n\t\t\t<span class=\"wpa9-panel-icon icon\" style=\"mask-image: url(https:\/\/formatiqo.com\/wp-content\/uploads\/2023\/06\/ico-certifikovana-spolecnost.svg); -webkit-mask-image: url(https:\/\/formatiqo.com\/wp-content\/uploads\/2023\/06\/ico-certifikovana-spolecnost.svg);\"><\/span>\n\t\t\n\t\t\t\t\t\t\t\t<h2 class=\"wpa9-panel-title\">Certifik\u00e1t EN ISO 9001<\/h2>\n\t\t\n\t\t\t\t\t\t<\/div>\n\n\t\t\t\t<div class=\"meta meta-buttons d-flex flex-column flex-sm-row justify-content-center\">\n\t\t\t\t\t\t\t<a class=\"btn btn-negative \" href=\"\/wp-content\/uploads\/2023\/06\/QMS_9001_CZ.pdf\" title=\"Download\">Download<\/a>\n\t\t\t\t<\/div>\n\t\t\n\t<\/div>\n\n\t\t\n\t<div class=\"wpa9-card-l-panel wpa9-panel shadow rounded d-flex flex-column justify-content-between\">\n\n\t\t<div>\n\t\t\t\t\t\t\t<span class=\"wpa9-panel-icon icon\" style=\"display: none; background-image: url('https:\/\/formatiqo.com\/wp-content\/uploads\/2023\/06\/ico-certifikovana-spolecnost.svg')\"><\/span>\n\t\t\t<span class=\"wpa9-panel-icon icon\" style=\"mask-image: url(https:\/\/formatiqo.com\/wp-content\/uploads\/2023\/06\/ico-certifikovana-spolecnost.svg); -webkit-mask-image: url(https:\/\/formatiqo.com\/wp-content\/uploads\/2023\/06\/ico-certifikovana-spolecnost.svg);\"><\/span>\n\t\t\n\t\t\t\t\t\t\t\t<h2 class=\"wpa9-panel-title\">Certifik\u00e1t EN ISO 14001<\/h2>\n\t\t\n\t\t\t\t\t\t<\/div>\n\n\t\t\t\t<div class=\"meta meta-buttons d-flex flex-column flex-sm-row justify-content-center\">\n\t\t\t\t\t\t\t<a class=\"btn btn-negative \" href=\"\/wp-content\/uploads\/2023\/06\/EMS_14001_CZ.pdf\" title=\"Download\">Download<\/a>\n\t\t\t\t<\/div>\n\t\t\n\t<\/div>\n\n\t\t\n\t<div class=\"wpa9-card-l-panel wpa9-panel shadow rounded d-flex flex-column justify-content-between\">\n\n\t\t<div>\n\t\t\t\t\t\t\t<span class=\"wpa9-panel-icon icon\" style=\"display: none; background-image: url('https:\/\/formatiqo.com\/wp-content\/uploads\/2023\/06\/ico-certifikovana-spolecnost.svg')\"><\/span>\n\t\t\t<span class=\"wpa9-panel-icon icon\" style=\"mask-image: url(https:\/\/formatiqo.com\/wp-content\/uploads\/2023\/06\/ico-certifikovana-spolecnost.svg); -webkit-mask-image: url(https:\/\/formatiqo.com\/wp-content\/uploads\/2023\/06\/ico-certifikovana-spolecnost.svg);\"><\/span>\n\t\t\n\t\t\t\t\t\t\t\t<h2 class=\"wpa9-panel-title\">Certifik\u00e1t ISO\/IEC 27001<\/h2>\n\t\t\n\t\t\t\t\t\t<\/div>\n\n\t\t\t\t<div class=\"meta meta-buttons d-flex flex-column flex-sm-row justify-content-center\">\n\t\t\t\t\t\t\t<a class=\"btn btn-negative \" href=\"\/wp-content\/uploads\/2023\/06\/ISMS_27001_CZ.pdf\" title=\"Download\">Download<\/a>\n\t\t\t\t<\/div>\n\t\t\n\t<\/div>\n\n\t\t\n\t\n<\/div>\n<\/div><\/div><\/div><\/div><\/div><div id=\"pg-58592-2\"  class=\"panel-grid panel-has-style\" ><div class=\"panel-row-padding-none panel-row-style panel-row-style-for-58592-2\" ><div id=\"pgc-58592-2-0\"  class=\"panel-grid-cell\" ><div id=\"panel-58592-2-0-0\" class=\"so-panel widget widget_wpa9-card-s panel-first-child panel-last-child\" data-index=\"3\" ><div\n\t\t\t\n\t\t\tclass=\"so-widget-wpa9-card-s so-widget-wpa9-card-s-default-c93e1481a745-58592\"\n\t\t\t\n\t\t><div class=\"wpa9-card wpa9-card-s wide positive\">\n\n\t<div class=\"wpa9-card-wrapper container\">\n\n\t\t<div class=\"wpa9-card-text\">\n\t\t\t<h2 class=\"wpa9-card-title\">Nez\u00e1vazn\u00e1 cenov\u00e1 nab\u00eddka na m\u00edru dle va\u0161ich pot\u0159eb<\/h2>\n\t\t\t<div class=\"wpa9-card-content\"><p style=\"text-align: center\">Nev\u00e1hejte, podnikn\u011bte prvn\u00ed krok k \u00fasp\u011bchu va\u0161eho projektu a vy\u017e\u00e1dejte si od n\u00e1s cenovou nab\u00eddku je\u0161t\u011b dnes!<\/p>\n<\/div>\t\t<\/div>\n\n\t\t\t\t<div class=\"meta meta-buttons d-flex flex-row justify-content-center\">\n\t\t\t\t\t\t\t<a class=\"btn btn-negative \" href=\"https:\/\/formatiqo.com\/cs\/poptavka\/\" title=\"Cenov\u00e1 nab\u00eddka na m\u00edru\">Cenov\u00e1 nab\u00eddka na m\u00edru<\/a>\n\t\t\t\t<\/div>\n\t\t\n\t<\/div>\n\n<\/div>\n<\/div><\/div><\/div><\/div><\/div><\/div>","protected":false},"excerpt":{"rendered":"<p>P\u0159es 20 let zku\u0161enost\u00ed Vytv\u00e1\u0159\u00edme vynikaj\u00edc\u00ed grafick\u00fd design v ti\u0161t\u011bn\u00fdch i digit\u00e1ln\u00edch form\u00e1tech pro klienty po cel\u00e9m sv\u011bt\u011b. S rozvojem technologi\u00ed si DTP studio spole\u010dnosti Sk\u0159iv\u00e1nek udr\u017euje ty nejmodern\u011bj\u0161\u00ed DTP n\u00e1stroje. Je\u0161t\u011b d\u016fle\u017eit\u011bj\u0161\u00ed v\u0161ak je, \u017ee dv\u011b desetilet\u00ed poskytov\u00e1n\u00ed slu\u017eeb r\u016fznorod\u00fdm skupin\u00e1m klient\u016f vybrousila na\u0161i schopnost pracovat s t\u00e9m\u011b\u0159 jak\u00fdmkoli t\u00e9matem, s jak\u00fdmkoli typem projektu, [&hellip;]<\/p>\n","protected":false},"author":4,"featured_media":0,"parent":0,"menu_order":0,"comment_status":"closed","ping_status":"closed","template":"","meta":{"_acf_changed":false,"content-type":"","footnotes":""},"class_list":["post-58592","page","type-page","status-publish","hentry"],"acf":[],"aioseo_notices":[],"_links":{"self":[{"href":"https:\/\/formatiqo.com\/cs\/wp-json\/wp\/v2\/pages\/58592","targetHints":{"allow":["GET"]}}],"collection":[{"href":"https:\/\/formatiqo.com\/cs\/wp-json\/wp\/v2\/pages"}],"about":[{"href":"https:\/\/formatiqo.com\/cs\/wp-json\/wp\/v2\/types\/page"}],"author":[{"embeddable":true,"href":"https:\/\/formatiqo.com\/cs\/wp-json\/wp\/v2\/users\/4"}],"replies":[{"embeddable":true,"href":"https:\/\/formatiqo.com\/cs\/wp-json\/wp\/v2\/comments?post=58592"}],"version-history":[{"count":3,"href":"https:\/\/formatiqo.com\/cs\/wp-json\/wp\/v2\/pages\/58592\/revisions"}],"predecessor-version":[{"id":58985,"href":"https:\/\/formatiqo.com\/cs\/wp-json\/wp\/v2\/pages\/58592\/revisions\/58985"}],"wp:attachment":[{"href":"https:\/\/formatiqo.com\/cs\/wp-json\/wp\/v2\/media?parent=58592"}],"curies":[{"name":"wp","href":"https:\/\/api.w.org\/{rel}","templated":true}]}}