{"id":58616,"date":"2023-04-17T05:42:07","date_gmt":"2023-04-17T05:42:07","guid":{"rendered":"https:\/\/formatiqo.com\/?page_id=58616"},"modified":"2025-03-17T13:54:10","modified_gmt":"2025-03-17T13:54:10","slug":"nejcastejsi-dotazy","status":"publish","type":"page","link":"https:\/\/formatiqo.com\/cs\/nejcastejsi-dotazy\/","title":{"rendered":"FAQ"},"content":{"rendered":"<div id=\"pl-58616\"  class=\"panel-layout\" ><div id=\"pg-58616-0\"  class=\"panel-grid panel-has-style\" ><div class=\"siteorigin-panels-stretch panel-row-padding-none panel-row-style panel-row-style-for-58616-0\" data-stretch-type=\"full\" ><div id=\"pgc-58616-0-0\"  class=\"panel-grid-cell\" ><div id=\"panel-58616-0-0-0\" class=\"so-panel widget widget_wpa9-accordion panel-first-child panel-last-child\" data-index=\"0\" ><div\n\t\t\t\n\t\t\tclass=\"so-widget-wpa9-accordion so-widget-wpa9-accordion-default-c93e1481a745-58616\"\n\t\t\t\n\t\t><h3 class=\"widget-title\">FAQs<\/h3><div class=\"wpa9-accordion\">\n\t<div class=\"wpa9-accordion-panel\" id=\"wpa9-accordion-panel-co-dela-dtp-studio-spolecnosti-skrivanek\">\n\n\t\t<div class=\"wpa9-accordion-toggler d-flex\" data-panel=\"co-dela-dtp-studio-spolecnosti-skrivanek\" role=\"button\" aria-controls=\"wpa9-accordion-panel-co-dela-dtp-studio-spolecnosti-skrivanek\" aria-expanded=\"false\">\n\n\t\t\t<div class=\"wpa9-accordion-icon wpa9-accordion-icon-open\"><\/div>\n\n\t\t\t<div class=\"wpa9-accordion-title\">Co d\u011bl\u00e1 DTP studio spole\u010dnosti Sk\u0159iv\u00e1nek?<\/div>\n\n\t\t<\/div>\n\n\t\t<div class=\"wpa9-accordion-content\" role=\"region\">\n\t\t\t<p>Specialist\u00e9 na DTP spole\u010dnosti Sk\u0159iv\u00e1nek se mohou pochlubit t\u00edm, \u017ee v\u00e1m usnadn\u00ed cestu k vynikaj\u00edc\u00edm grafick\u00fdm \u00faprav\u00e1m a tvorb\u011b dokument\u016f. Sta\u010d\u00ed jeden kontakt a m\u016f\u017eete za\u010d\u00edt. N\u00e1\u0161 t\u00fdm dok\u00e1\u017ee p\u0159ev\u00e9st t\u00e9m\u011b\u0159 v\u0161echny soubory do form\u00e1t\u016f, kter\u00e9 n\u00e1m usnad\u0148uj\u00ed pr\u00e1ci. A co pak?\u00a0<strong>Postar\u00e1me se o n\u00e1sleduj\u00edc\u00ed:<\/strong><\/p>\n<ul>\n<li><strong>Uprav\u00edme form\u00e1ty dokument\u016f do po\u017eadovan\u00e9 kone\u010dn\u00e9 podoby<\/strong>, a to tak, \u017ee zreprodukujeme st\u00e1vaj\u00edc\u00ed rozvr\u017een\u00ed, anebo p\u0159iprav\u00edme nov\u00e9.<\/li>\n<li>Vytvo\u0159\u00edme spr\u00e1vnou <strong>sytost barev, kombinaci p\u00edsem a provedeme koordinaci\u00a0kone\u010dn\u00e9ho vzhledu.<\/strong><\/li>\n<li><strong>P\u0159ichyst\u00e1me<\/strong> <strong>produkt DTP\u00a0k tisku<\/strong> a budeme spolupracovat s tisk\u00e1rnou ve va\u0161em regionu p\u0159i\u00a0p\u0159evodu soubor\u016f na pap\u00edr.<\/li>\n<\/ul>\n<p>Krom\u011b toho je Sk\u0159iv\u00e1nek p\u0159edn\u00edm poskytovatelem jazykov\u00fdch slu\u017eeb, tak\u017ee pokud to bude pot\u0159eba, zajist\u00edme v\u00e1m p\u0159eklad textu. Specializujeme se tak\u00e9 na<strong> p\u0159izp\u016fsoben\u00ed soubor\u016f DTP pro r\u016fzn\u00e9 kultury, zem\u011b a demografick\u00e9 skupiny<\/strong>. To je z\u00e1sadn\u00ed pro mezin\u00e1rodn\u00ed spole\u010dnosti, kter\u00e9 pot\u0159ebuj\u00ed komunikovat na v\u00edce trz\u00edch. Nicm\u00e9n\u011b sofistikovan\u00e9 dovednosti a perspektiva, je\u017e jsme z\u00edskali p\u0159i p\u0159\u00edprav\u011b v\u00edcejazy\u010dn\u00e9ho obsahu, mohou b\u00fdt u\u017eite\u010dn\u00e9 i pro klienty, kte\u0159\u00ed doufaj\u00ed, \u017ee maximalizuj\u00ed efektivitu sv\u00e9ho spojen\u00ed se z\u00e1kazn\u00edky, a\u0165 u\u017e jsou kdekoli.<\/p>\n\t\t<\/div>\n\n\t<\/div>\n\t<div class=\"wpa9-accordion-panel\" id=\"wpa9-accordion-panel-jaky-software-podporuje-vase-technologie-dtp\">\n\n\t\t<div class=\"wpa9-accordion-toggler d-flex\" data-panel=\"jaky-software-podporuje-vase-technologie-dtp\" role=\"button\" aria-controls=\"wpa9-accordion-panel-jaky-software-podporuje-vase-technologie-dtp\" aria-expanded=\"false\">\n\n\t\t\t<div class=\"wpa9-accordion-icon wpa9-accordion-icon-open\"><\/div>\n\n\t\t\t<div class=\"wpa9-accordion-title\">Jak\u00fd software podporuje va\u0161e technologie DTP?<\/div>\n\n\t\t<\/div>\n\n\t\t<div class=\"wpa9-accordion-content\" role=\"region\">\n\t\t\t<p>Pravideln\u011b pracujeme mimo jin\u00e9 s t\u00edmto softwarem:<\/p>\n<ul>\n<li>InDesign<\/li>\n<li>CorelDRAW<\/li>\n<li>Pagemaker<\/li>\n<li>Framemaker<\/li>\n<li>QuarkXPress<\/li>\n<li>Photoshop<\/li>\n<li>MS Word<\/li>\n<li>a dal\u0161\u00edmi...<\/li>\n<\/ul>\n\t\t<\/div>\n\n\t<\/div>\n\t<div class=\"wpa9-accordion-panel\" id=\"wpa9-accordion-panel-s-jakymi-formaty-souboru-pracujete\">\n\n\t\t<div class=\"wpa9-accordion-toggler d-flex\" data-panel=\"s-jakymi-formaty-souboru-pracujete\" role=\"button\" aria-controls=\"wpa9-accordion-panel-s-jakymi-formaty-souboru-pracujete\" aria-expanded=\"false\">\n\n\t\t\t<div class=\"wpa9-accordion-icon wpa9-accordion-icon-open\"><\/div>\n\n\t\t\t<div class=\"wpa9-accordion-title\">S jak\u00fdmi form\u00e1ty soubor\u016f pracujete?<\/div>\n\n\t\t<\/div>\n\n\t\t<div class=\"wpa9-accordion-content\" role=\"region\">\n\t\t\t<p>N\u00ed\u017ee uv\u00e1d\u00edme nejb\u011b\u017en\u011bj\u0161\u00ed soubory, s\u00a0nimi\u017e pracujeme, nev\u00e1hejte se v\u0161ak zeptat i na jin\u00e9 form\u00e1ty:<\/p>\n<ul>\n<li>.indd<\/li>\n<li>.mif<\/li>\n<li>.ai<\/li>\n<li>.pub<\/li>\n<li>.pdd<\/li>\n<li>.psd<\/li>\n<li>.psdt<\/li>\n<li>.eps<\/li>\n<li>.pdp<\/li>\n<li>.sct<\/li>\n<li>.cdr<\/li>\n<li>.rtf<\/li>\n<\/ul>\n\t\t<\/div>\n\n\t<\/div>\n\t<div class=\"wpa9-accordion-panel\" id=\"wpa9-accordion-panel-co-kdyz-muj-soubor-neni-v-upravitelnem-formatu-napriklad-naskenovane-dokumenty-grafy-tabulky-nebo-rucne-psane-texty\">\n\n\t\t<div class=\"wpa9-accordion-toggler d-flex\" data-panel=\"co-kdyz-muj-soubor-neni-v-upravitelnem-formatu-napriklad-naskenovane-dokumenty-grafy-tabulky-nebo-rucne-psane-texty\" role=\"button\" aria-controls=\"wpa9-accordion-panel-co-kdyz-muj-soubor-neni-v-upravitelnem-formatu-napriklad-naskenovane-dokumenty-grafy-tabulky-nebo-rucne-psane-texty\" aria-expanded=\"false\">\n\n\t\t\t<div class=\"wpa9-accordion-icon wpa9-accordion-icon-open\"><\/div>\n\n\t\t\t<div class=\"wpa9-accordion-title\">Co kdy\u017e m\u016fj soubor nen\u00ed v upraviteln\u00e9m form\u00e1tu (nap\u0159\u00edklad naskenovan\u00e9 dokumenty, grafy, tabulky nebo ru\u010dn\u011b psan\u00e9 texty)?<\/div>\n\n\t\t<\/div>\n\n\t\t<div class=\"wpa9-accordion-content\" role=\"region\">\n\t\t\t<p>Abychom vyhov\u011bli pot\u0159eb\u00e1m na\u0161ich klient\u016f, vyu\u017e\u00edv\u00e1me\u00a0<strong>software pro optick\u00e9 rozpozn\u00e1v\u00e1n\u00ed znak\u016f (OCR)<\/strong>, kter\u00fd transformuje neupraviteln\u00e9 soubory na upraviteln\u00e9.<\/p>\n\t\t<\/div>\n\n\t<\/div>\n\t<div class=\"wpa9-accordion-panel\" id=\"wpa9-accordion-panel-jak-dlouho-trva-nez-skrivanek-vypracuje-zakazku-dtp\">\n\n\t\t<div class=\"wpa9-accordion-toggler d-flex\" data-panel=\"jak-dlouho-trva-nez-skrivanek-vypracuje-zakazku-dtp\" role=\"button\" aria-controls=\"wpa9-accordion-panel-jak-dlouho-trva-nez-skrivanek-vypracuje-zakazku-dtp\" aria-expanded=\"false\">\n\n\t\t\t<div class=\"wpa9-accordion-icon wpa9-accordion-icon-open\"><\/div>\n\n\t\t\t<div class=\"wpa9-accordion-title\">Jak dlouho trv\u00e1, ne\u017e Sk\u0159iv\u00e1nek vypracuje zak\u00e1zku DTP?<\/div>\n\n\t\t<\/div>\n\n\t\t<div class=\"wpa9-accordion-content\" role=\"region\">\n\t\t\t<p>To z\u00e1vis\u00ed na rozsahu dokumentace. Na za\u010d\u00e1tku, obvykle do t\u0159\u00ed hodin od va\u0161eho po\u017eadavku, v\u00e1m navrhneme \u0159e\u0161en\u00ed a hrub\u00fd odhad ceny. Pot\u00e9 z\u00e1vis\u00ed doba dokon\u010den\u00ed na rozsahu pr\u00e1ce. O postupu pr\u00e1ce v\u00e1s budeme pr\u016fb\u011b\u017en\u011b informovat.\u00a0<strong>Dodr\u017e\u00edme tak\u00e9 term\u00edn, kter\u00fd jsme si s v\u00e1mi na za\u010d\u00e1tku stanovili.<\/strong><\/p>\n\t\t<\/div>\n\n\t<\/div>\n\t<div class=\"wpa9-accordion-panel\" id=\"wpa9-accordion-panel-jak-si-vybirate-specialisty-na-graficke-umeni-dtp\">\n\n\t\t<div class=\"wpa9-accordion-toggler d-flex\" data-panel=\"jak-si-vybirate-specialisty-na-graficke-umeni-dtp\" role=\"button\" aria-controls=\"wpa9-accordion-panel-jak-si-vybirate-specialisty-na-graficke-umeni-dtp\" aria-expanded=\"false\">\n\n\t\t\t<div class=\"wpa9-accordion-icon wpa9-accordion-icon-open\"><\/div>\n\n\t\t\t<div class=\"wpa9-accordion-title\">Jak si vyb\u00edr\u00e1te specialisty na grafick\u00e9 um\u011bn\u00ed DTP?<\/div>\n\n\t\t<\/div>\n\n\t\t<div class=\"wpa9-accordion-content\" role=\"region\">\n\t\t\t<p>Velmi pe\u010dliv\u011b. <strong>B\u011bhem v\u00fdb\u011brov\u00e9ho \u0159\u00edzen\u00ed prov\u00e1d\u00edme dvouf\u00e1zovou kontrolu<\/strong>. V tuto chv\u00edli zde na\u0161i odborn\u00edci pracuj\u00ed ji\u017e<strong>\u00a0nejm\u00e9n\u011b deset let<\/strong>, co\u017e mluv\u00ed za v\u0161e. Jsou spolehliv\u00ed, zku\u0161en\u00ed a talentovan\u00ed.<\/p>\n\t\t<\/div>\n\n\t<\/div>\n\t<div class=\"wpa9-accordion-panel\" id=\"wpa9-accordion-panel-jaci-odbornici-jsou-soucasti-vaseho-dtp-tymu\">\n\n\t\t<div class=\"wpa9-accordion-toggler d-flex\" data-panel=\"jaci-odbornici-jsou-soucasti-vaseho-dtp-tymu\" role=\"button\" aria-controls=\"wpa9-accordion-panel-jaci-odbornici-jsou-soucasti-vaseho-dtp-tymu\" aria-expanded=\"false\">\n\n\t\t\t<div class=\"wpa9-accordion-icon wpa9-accordion-icon-open\"><\/div>\n\n\t\t\t<div class=\"wpa9-accordion-title\">Jac\u00ed odborn\u00edci jsou sou\u010d\u00e1st\u00ed va\u0161eho DTP t\u00fdmu?<\/div>\n\n\t\t<\/div>\n\n\t\t<div class=\"wpa9-accordion-content\" role=\"region\">\n\t\t\t<p>Na\u0161e\u00a0<strong>DTP studio \u0159\u00edd\u00ed Ji\u0159\u00ed Proniuk<\/strong>\u00a0a dohl\u00ed\u017e\u00ed na t\u00fdm slo\u017een\u00fd ze \u010dlen\u016f s r\u016fzn\u00fdmi talenty a\u00a0odborn\u00fdmi znalostmi. Koordinuje na\u0161e odborn\u00edky na po\u010d\u00edta\u010dem podporovan\u00fd p\u0159eklad (CAT) a specialisty na DTP a konverze OCR, kter\u00e9 jsme extern\u011b za\u010dlenili do na\u0161eho pracovn\u00edho postupu.<\/p>\n\t\t<\/div>\n\n\t<\/div>\n\t<div class=\"wpa9-accordion-panel\" id=\"wpa9-accordion-panel-tisknete-take-produkty-dtp-ktere-vytvorite\">\n\n\t\t<div class=\"wpa9-accordion-toggler d-flex\" data-panel=\"tisknete-take-produkty-dtp-ktere-vytvorite\" role=\"button\" aria-controls=\"wpa9-accordion-panel-tisknete-take-produkty-dtp-ktere-vytvorite\" aria-expanded=\"false\">\n\n\t\t\t<div class=\"wpa9-accordion-icon wpa9-accordion-icon-open\"><\/div>\n\n\t\t\t<div class=\"wpa9-accordion-title\">Tisknete tak\u00e9 produkty DTP, kter\u00e9 vytvo\u0159\u00edte?<\/div>\n\n\t\t<\/div>\n\n\t\t<div class=\"wpa9-accordion-content\" role=\"region\">\n\t\t\t<p>Ano, m\u016f\u017eeme zajistit\u00a0<strong>\u0161pi\u010dkov\u00fd tisk<\/strong>. Fin\u00e1ln\u00ed tisk b\u011b\u017en\u011b zad\u00e1v\u00e1me tisk\u00e1rn\u00e1m v\u00a0regionech, kde se na\u0161i klienti nach\u00e1zej\u00ed. V\u00fdhodou \u0159\u00edzen\u00ed va\u0161eho tiskov\u00e9ho projektu spole\u010dnost\u00ed Sk\u0159iv\u00e1nek je, \u017ee p\u0159iprav\u00edme va\u0161e soubory pro tisk a pot\u00e9 budeme p\u0159\u00edmo komunikovat s tisk\u00e1rnou ohledn\u011b detail\u016f t\u00fdkaj\u00edc\u00edch se obsahu a realizace projektu. Dohl\u00e9dneme na dokon\u010den\u00ed fin\u00e1ln\u00edho produktu, p\u0159evezmeme odpov\u011bdnost za va\u0161i spokojenost a postar\u00e1me se o to, abyste nem\u011bli \u017e\u00e1dn\u00e9 probl\u00e9my.<\/p>\n\t\t<\/div>\n\n\t<\/div>\n\t<div class=\"wpa9-accordion-panel\" id=\"wpa9-accordion-panel-mam-jistotu-ze-jsou-me-dokumenty-v-bezpeci\">\n\n\t\t<div class=\"wpa9-accordion-toggler d-flex\" data-panel=\"mam-jistotu-ze-jsou-me-dokumenty-v-bezpeci\" role=\"button\" aria-controls=\"wpa9-accordion-panel-mam-jistotu-ze-jsou-me-dokumenty-v-bezpeci\" aria-expanded=\"false\">\n\n\t\t\t<div class=\"wpa9-accordion-icon wpa9-accordion-icon-open\"><\/div>\n\n\t\t\t<div class=\"wpa9-accordion-title\">M\u00e1m jistotu, \u017ee jsou m\u00e9 dokumenty v bezpe\u010d\u00ed?<\/div>\n\n\t\t<\/div>\n\n\t\t<div class=\"wpa9-accordion-content\" role=\"region\">\n\t\t\t<p>Bezpe\u010dnost va\u0161ich dokument\u016f je pro n\u00e1s naprostou prioritou. Na\u0161e spr\u00e1va bezpe\u010dnosti je navr\u017eena a certifikov\u00e1na podle\u00a0<a href=\"https:\/\/formatiqo.com\/cs\/o-nas\/\">norem ISO 27001<\/a>. Hranice na\u0161\u00ed s\u00edt\u011b je chr\u00e1n\u011bna br\u00e1nou firewall a samotn\u00e1 s\u00ed\u0165 je <strong>chr\u00e1n\u011bna normou IEEE 802<\/strong>. \u0158\u00edzen\u00ed p\u0159\u00edstupu k s\u00edti prob\u00edh\u00e1 na portu 1X.<\/p>\n\t\t<\/div>\n\n\t<\/div>\n\t<div class=\"wpa9-accordion-panel\" id=\"wpa9-accordion-panel-kolik-stoji-sluzby-dtp-spolecnosti-skrivanek\">\n\n\t\t<div class=\"wpa9-accordion-toggler d-flex\" data-panel=\"kolik-stoji-sluzby-dtp-spolecnosti-skrivanek\" role=\"button\" aria-controls=\"wpa9-accordion-panel-kolik-stoji-sluzby-dtp-spolecnosti-skrivanek\" aria-expanded=\"false\">\n\n\t\t\t<div class=\"wpa9-accordion-icon wpa9-accordion-icon-open\"><\/div>\n\n\t\t\t<div class=\"wpa9-accordion-title\">Kolik stoj\u00ed slu\u017eby DTP spole\u010dnosti Sk\u0159iv\u00e1nek?<\/div>\n\n\t\t<\/div>\n\n\t\t<div class=\"wpa9-accordion-content\" role=\"region\">\n\t\t\t<p>U ka\u017ed\u00e9 pr\u00e1ce je mnoho prom\u011bnn\u00fdch. Chcete-li z\u00edskat dobr\u00fd odhad n\u00e1klad\u016f na sv\u016fj projekt,\u00a0<strong>za\u0161lete n\u00e1m<\/strong> <a href=\"https:\/\/formatiqo.com\/cs\/poptavka\/\">popt\u00e1vkov\u00fd formul\u00e1\u0159<\/a><strong>\u00a0a my se v\u00e1m obratem ozveme!<\/strong><\/p>\n\t\t<\/div>\n\n\t<\/div>\n\t<div class=\"wpa9-accordion-panel\" id=\"wpa9-accordion-panel-proc-je-dtp-studio-spolecnosti-skrivanek-tou-nejlepsi-volbou\">\n\n\t\t<div class=\"wpa9-accordion-toggler d-flex\" data-panel=\"proc-je-dtp-studio-spolecnosti-skrivanek-tou-nejlepsi-volbou\" role=\"button\" aria-controls=\"wpa9-accordion-panel-proc-je-dtp-studio-spolecnosti-skrivanek-tou-nejlepsi-volbou\" aria-expanded=\"false\">\n\n\t\t\t<div class=\"wpa9-accordion-icon wpa9-accordion-icon-open\"><\/div>\n\n\t\t\t<div class=\"wpa9-accordion-title\">Pro\u010d je DTP studio spole\u010dnosti Sk\u0159iv\u00e1nek tou nejlep\u0161\u00ed volbou?<\/div>\n\n\t\t<\/div>\n\n\t\t<div class=\"wpa9-accordion-content\" role=\"region\">\n\t\t\t<ul>\n<li>Jedin\u00e9 kontaktn\u00ed m\u00edsto \u2013 jedin\u00fd kontakt se spole\u010dnost\u00ed Sk\u0159iv\u00e1nek v\u00e1m zajist\u00ed snadn\u00fd proces realizace a skv\u011bl\u00e9 fin\u00e1ln\u00ed produkty.<\/li>\n<li>Nejvy\u0161\u0161\u00ed kvalita \u2013 ji\u017e v\u00edce ne\u017e dvacet let prov\u00e1d\u00edme tuto pr\u00e1ci pro klienty po cel\u00e9m sv\u011bt\u011b. Vysok\u00e1 kvalita je ve spole\u010dnosti Sk\u0159iv\u00e1nek hluboce zako\u0159en\u011bnou tradic\u00ed a n\u00e1\u0161 z\u00e1kaznick\u00fd servis je bezkonkuren\u010dn\u00ed.<\/li>\n<li>Glob\u00e1ln\u00ed zku\u0161enosti \u2013 t\u00fdm DTP spole\u010dnosti Sk\u0159iv\u00e1nek m\u00e1 zku\u0161enosti s\u00a0realizac\u00ed projekt\u016f, kter\u00e9 vy\u017eaduj\u00ed pokro\u010dil\u00e9 dovednosti v oblasti DTP. Spolupracujeme rovn\u011b\u017e se spole\u010dnostmi, kter\u00e9 vy\u017eaduj\u00ed produkty DTP ve v\u00edce jazyc\u00edch.<\/li>\n<li>Konzistence zna\u010dky \u2013 pom\u016f\u017eeme v\u00e1m vytvo\u0159it konzistenci zna\u010dky ve v\u0161ech ti\u0161t\u011bn\u00fdch sd\u011blen\u00edch, \u010d\u00edm\u017e dos\u00e1hnete centralizovan\u00e9ho uplat\u0148ov\u00e1n\u00ed hodnot va\u0161\u00ed spole\u010dnosti p\u0159i v\u00fdrob\u011b v\u0161ech produkt\u016f od let\u00e1k\u016f a\u017e po katalogy.<\/li>\n<li>Sofistikovanost \u2013 rozsah na\u0161ich zku\u0161enost\u00ed d\u00e1v\u00e1 t\u00fdmu DTP spole\u010dnosti Sk\u0159iv\u00e1nek takovou \u00farove\u0148 informovanosti a flexibility, jakou lze jen t\u011b\u017eko naj\u00edt u DTP spole\u010dnost\u00ed s\u00a0men\u0161\u00ed \u0161\u00ed\u0159\u00ed slu\u017eeb.<\/li>\n<li><\/li>\n<\/ul>\n\t\t<\/div>\n\n\t<\/div>\n<\/div>\n<\/div><\/div><\/div><\/div><\/div><div id=\"pg-58616-1\"  class=\"panel-grid panel-has-style\" ><div class=\"panel-row-padding-none panel-row-style panel-row-style-for-58616-1\" ><div id=\"pgc-58616-1-0\"  class=\"panel-grid-cell\" ><div id=\"panel-58616-1-0-0\" class=\"so-panel widget widget_wpa9-carousel-images panel-first-child panel-last-child\" data-index=\"1\" ><div\n\t\t\t\n\t\t\tclass=\"so-widget-wpa9-carousel-images so-widget-wpa9-carousel-images-default-c93e1481a745-58616\"\n\t\t\t\n\t\t>\n<div class=\"wpa9-carousel-images\">\n\n\t<h3 class=\"widget-title\">Na\u0161i spokojen\u00ed klienti<\/h3>\n\t\n\t<div id=\"wpa9-carousel-images-kj9umZ\" class=\"carousel slide carousel-fade\" data-bs-interval=\"8000\" data-bs-ride=\"carousel\" data-bs-touch=\"true\">\n\n\t\t<div class=\"carousel-inner\">\n\n\t\t\t\n\t\t\t\n\t\t\t\t<div class=\"wpa9-carousel-images-item carousel-item bg-white active\">\n\n\t\t\t\t\t\n\t\t\t\t\t\t\n\t\t\t\t\t\t<img decoding=\"async\" src=\"https:\/\/formatiqo.com\/wp-content\/uploads\/2023\/04\/ref-abb.svg\" alt=\"ABB\" \/>\n\n\t\t\t\t\t\t\n\t\t\t\t\t\n\t\t\t\t\t\t\n\t\t\t\t\t\t<img decoding=\"async\" src=\"https:\/\/formatiqo.com\/wp-content\/uploads\/2023\/04\/ref-siemens.svg\" alt=\"Siemens\" \/>\n\n\t\t\t\t\t\t\n\t\t\t\t\t\n\t\t\t\t\t\t\n\t\t\t\t\t\t<img decoding=\"async\" src=\"https:\/\/formatiqo.com\/wp-content\/uploads\/2023\/04\/ref-decathlon.svg\" alt=\"Decathlon\" \/>\n\n\t\t\t\t\t\t<br \/>\n\t\t\t\t\t\n\t\t\t\t\t\t\n\t\t\t\t\t\t<img decoding=\"async\" src=\"https:\/\/formatiqo.com\/wp-content\/uploads\/2023\/04\/ref-doosan.svg\" alt=\"Doosan\" \/>\n\n\t\t\t\t\t\t\n\t\t\t\t\t\n\t\t\t\t\t\t\n\t\t\t\t\t\t<img decoding=\"async\" src=\"https:\/\/formatiqo.com\/wp-content\/uploads\/2023\/04\/ref-skoda.svg\" alt=\"\u0160koda\" \/>\n\n\t\t\t\t\t\t\n\t\t\t\t\t\n\t\t\t\t<\/div>\n\n\t\t\t\n\t\t<\/div>\n\t\t<!-- .carousel-inner -->\n\n\t\t\n\t<\/div>\n\t<!-- #wpa9-carousel-images -->\n\n<\/div>\n<!-- .wpa9-carousel-images -->\n<\/div><\/div><\/div><\/div><\/div><div id=\"pg-58616-2\"  class=\"panel-grid panel-has-style\" ><div class=\"siteorigin-panels-stretch panel-row-padding-none panel-row-style panel-row-style-for-58616-2\" data-stretch-type=\"full\" ><div id=\"pgc-58616-2-0\"  class=\"panel-grid-cell\" ><div id=\"panel-58616-2-0-0\" class=\"so-panel widget widget_wpa9-card-s panel-first-child panel-last-child\" data-index=\"2\" ><div\n\t\t\t\n\t\t\tclass=\"so-widget-wpa9-card-s so-widget-wpa9-card-s-default-c93e1481a745-58616\"\n\t\t\t\n\t\t><div class=\"wpa9-card wpa9-card-s wide positive\">\n\n\t<div class=\"wpa9-card-wrapper container\">\n\n\t\t<div class=\"wpa9-card-text\">\n\t\t\t<h2 class=\"wpa9-card-title\">Zajist\u00edme kvalitn\u00ed DTP slu\u017eby<\/h2>\n\t\t\t<div class=\"wpa9-card-content\"><p style=\"text-align: center\">Kontaktujte n\u00e1s je\u0161t\u011b dnes a zjist\u011bte, jak v\u00e1m m\u016f\u017eeme pomoci naplnit va\u0161e pot\u0159eby.<\/p>\n<\/div>\t\t<\/div>\n\n\t\t\t\t<div class=\"meta meta-buttons d-flex flex-row justify-content-center\">\n\t\t\t\t\t\t\t<a class=\"btn btn-negative \" href=\"https:\/\/formatiqo.com\/cs\/poptavka\/\" title=\"Chci cenovou nab\u00eddku na m\u00edru\">Chci cenovou nab\u00eddku na m\u00edru<\/a>\n\t\t\t\t<\/div>\n\t\t\n\t<\/div>\n\n<\/div>\n<\/div><\/div><\/div><\/div><\/div><\/div>","protected":false},"excerpt":{"rendered":"<p>FAQs Co d\u011bl\u00e1 DTP studio spole\u010dnosti Sk\u0159iv\u00e1nek? Specialist\u00e9 na DTP spole\u010dnosti Sk\u0159iv\u00e1nek se mohou pochlubit t\u00edm, \u017ee v\u00e1m usnadn\u00ed cestu k vynikaj\u00edc\u00edm grafick\u00fdm \u00faprav\u00e1m a tvorb\u011b dokument\u016f. Sta\u010d\u00ed jeden kontakt a m\u016f\u017eete za\u010d\u00edt. N\u00e1\u0161 t\u00fdm dok\u00e1\u017ee p\u0159ev\u00e9st t\u00e9m\u011b\u0159 v\u0161echny soubory do form\u00e1t\u016f, kter\u00e9 n\u00e1m usnad\u0148uj\u00ed pr\u00e1ci. A co pak?\u00a0Postar\u00e1me se o n\u00e1sleduj\u00edc\u00ed: Uprav\u00edme form\u00e1ty dokument\u016f [&hellip;]<\/p>\n","protected":false},"author":4,"featured_media":0,"parent":0,"menu_order":0,"comment_status":"closed","ping_status":"closed","template":"","meta":{"_acf_changed":false,"content-type":"","footnotes":""},"class_list":["post-58616","page","type-page","status-publish","hentry"],"acf":[],"aioseo_notices":[],"_links":{"self":[{"href":"https:\/\/formatiqo.com\/cs\/wp-json\/wp\/v2\/pages\/58616","targetHints":{"allow":["GET"]}}],"collection":[{"href":"https:\/\/formatiqo.com\/cs\/wp-json\/wp\/v2\/pages"}],"about":[{"href":"https:\/\/formatiqo.com\/cs\/wp-json\/wp\/v2\/types\/page"}],"author":[{"embeddable":true,"href":"https:\/\/formatiqo.com\/cs\/wp-json\/wp\/v2\/users\/4"}],"replies":[{"embeddable":true,"href":"https:\/\/formatiqo.com\/cs\/wp-json\/wp\/v2\/comments?post=58616"}],"version-history":[{"count":4,"href":"https:\/\/formatiqo.com\/cs\/wp-json\/wp\/v2\/pages\/58616\/revisions"}],"predecessor-version":[{"id":59572,"href":"https:\/\/formatiqo.com\/cs\/wp-json\/wp\/v2\/pages\/58616\/revisions\/59572"}],"wp:attachment":[{"href":"https:\/\/formatiqo.com\/cs\/wp-json\/wp\/v2\/media?parent=58616"}],"curies":[{"name":"wp","href":"https:\/\/api.w.org\/{rel}","templated":true}]}}